{"id":16984,"date":"2024-09-25T20:14:35","date_gmt":"2024-09-25T18:14:35","guid":{"rendered":"https:\/\/ede2.pensivo.com\/?page_id=16984"},"modified":"2024-09-26T14:01:26","modified_gmt":"2024-09-26T12:01:26","slug":"privacy","status":"publish","type":"page","link":"https:\/\/ede2.pensivo.com\/fr\/privacy\/","title":{"rendered":"Privacy"},"content":{"rendered":"<div data-elementor-type=\"wp-page\" data-elementor-id=\"16984\" class=\"elementor elementor-16984\" data-elementor-post-type=\"page\">\n\t\t\t\t\t\t<section class=\"elementor-section elementor-top-section elementor-element elementor-element-87d7801 elementor-section-boxed elementor-section-height-default elementor-section-height-default exad-glass-effect-no wpr-particle-no wpr-jarallax-no wpr-parallax-no wpr-sticky-section-no wpr-equal-height-no exad-sticky-section-no\" data-id=\"87d7801\" data-element_type=\"section\" data-e-type=\"section\">\n\t\t\t\t\t\t<div class=\"elementor-container elementor-column-gap-default\">\n\t\t\t\t\t<div class=\"elementor-column elementor-col-100 elementor-top-column elementor-element elementor-element-55cd51e exad-glass-effect-no exad-sticky-section-no\" data-id=\"55cd51e\" data-element_type=\"column\" data-e-type=\"column\">\n\t\t\t<div class=\"elementor-widget-wrap elementor-element-populated\">\n\t\t\t\t\t\t<div class=\"elementor-element elementor-element-26966b3 exad-sticky-section-no exad-glass-effect-no elementor-widget elementor-widget-spacer\" data-id=\"26966b3\" data-element_type=\"widget\" data-e-type=\"widget\" data-widget_type=\"spacer.default\">\n\t\t\t\t<div class=\"elementor-widget-container\">\n\t\t\t\t\t\t\t<div class=\"elementor-spacer\">\n\t\t\t<div class=\"elementor-spacer-inner\"><\/div>\n\t\t<\/div>\n\t\t\t\t\t\t<\/div>\n\t\t\t\t<\/div>\n\t\t\t\t\t<\/div>\n\t\t<\/div>\n\t\t\t\t\t<\/div>\n\t\t<\/section>\n\t\t\t\t<section class=\"elementor-section elementor-top-section elementor-element elementor-element-fc6e5a8 elementor-section-boxed elementor-section-height-default elementor-section-height-default exad-glass-effect-no wpr-particle-no wpr-jarallax-no wpr-parallax-no wpr-sticky-section-no wpr-equal-height-no exad-sticky-section-no\" data-id=\"fc6e5a8\" data-element_type=\"section\" data-e-type=\"section\">\n\t\t\t\t\t\t<div class=\"elementor-container elementor-column-gap-default\">\n\t\t\t\t\t<div class=\"elementor-column elementor-col-100 elementor-top-column elementor-element elementor-element-cac1bbe exad-glass-effect-no exad-sticky-section-no\" data-id=\"cac1bbe\" data-element_type=\"column\" data-e-type=\"column\">\n\t\t\t<div class=\"elementor-widget-wrap elementor-element-populated\">\n\t\t\t\t\t\t<div class=\"elementor-element elementor-element-b3ab1af exad-sticky-section-no exad-glass-effect-no elementor-widget elementor-widget-text-editor\" data-id=\"b3ab1af\" data-element_type=\"widget\" data-e-type=\"widget\" data-widget_type=\"text-editor.default\">\n\t\t\t\t<div class=\"elementor-widget-container\">\n\t\t\t\t\t\t\t\t\t<div class=\"zw-paragraph\" data-width=\"624\" data-textformat=\"{&quot;size&quot;:24}\"><div class=\"zw-line-div\"><h3 class=\"zw-line-content\"><span style=\"color: #800000;\"><strong><span class=\"zw-portion zw-text-portion\" data-text-len=\"14\">Politique de Confidentialit\u00e9<\/span><span class=\"EOP-readonly EOP\">\u00a0<\/span><\/strong><\/span><\/h3><\/div><\/div><div class=\"zw-paragraph\" data-width=\"624\" data-textformat=\"{&quot;size&quot;:12}\"><div class=\"zw-line-div\">\u00a0<\/div><\/div><p>Date d'entr\u00e9e en vigueur : 1er janvier 2024<\/p><p>EDE 2 Course Inc. (\u00ab nous \u00bb, \u00ab notre \u00bb ou \u00ab nos \u00bb) propose un cours d'\u00e9chographie au point de soins (POCUS) et une formation en ligne POCUS (le \u00ab Service \u00bb).<\/p><p>Cette page vous informe de nos politiques concernant la collecte, l'utilisation et la divulgation des donn\u00e9es personnelles lorsque vous utilisez notre Service, ainsi que des choix dont vous disposez en lien avec ces donn\u00e9es.<\/p><p>Nous utilisons vos donn\u00e9es pour fournir le Service. En utilisant le Service, vous acceptez la collecte et l'utilisation des informations conform\u00e9ment \u00e0 cette politique.<\/p><h4><strong>Collecte et Utilisation des Informations<\/strong><\/h4><p>Nous collectons diff\u00e9rents types d'informations afin de vous fournir notre Service.<\/p><p><strong>Types de Donn\u00e9es Collect\u00e9es<\/strong><\/p><p><strong>Donn\u00e9es Personnelles<\/strong><\/p><p>Lors de l'utilisation de notre Service, nous pouvons vous demander de nous fournir certaines informations personnellement identifiables pouvant \u00eatre utilis\u00e9es pour vous contacter ou vous identifier (\u00ab Donn\u00e9es Personnelles \u00bb). Les informations personnellement identifiables peuvent inclure :<\/p><ul><li>Pr\u00e9nom et nom<\/li><li>Adresse e-mail<\/li><li>Num\u00e9ro de t\u00e9l\u00e9phone mobile<\/li><li>Adresse postale<\/li><\/ul><ul><li>Langue pr\u00e9f\u00e9r\u00e9e<\/li><li>Affiliation \u00e0 un \u00e9tablissement de sant\u00e9<\/li><\/ul><h4><strong>Utilisation des Donn\u00e9es<\/strong><\/h4><p>Nous utilisons les donn\u00e9es collect\u00e9es \u00e0 des fins diverses :<\/p><ul><li>Pour fournir et maintenir le Service<\/li><li>Pour offrir une \u00e9ducation et un support aux abonn\u00e9s d'EDE 2<\/li><\/ul><p><strong>Transfert des Donn\u00e9es<\/strong><\/p><p>Vos informations, y compris vos Donn\u00e9es Personnelles, peuvent \u00eatre transf\u00e9r\u00e9es vers des ordinateurs situ\u00e9s en dehors de votre \u00c9tat, province, pays ou autre juridiction gouvernementale o\u00f9 les lois de protection des donn\u00e9es peuvent diff\u00e9rer de celles de votre juridiction.<\/p><p>consentement \u00e0 cette Politique de Confidentialit\u00e9, suivi de votre soumission de ces informations, repr\u00e9sente votre accord \u00e0 ce transfert.<\/p><p>Nous prendrons toutes les mesures raisonnables n\u00e9cessaires pour garantir que vos donn\u00e9es sont trait\u00e9es en toute s\u00e9curit\u00e9 et conform\u00e9ment \u00e0 cette Politique de Confidentialit\u00e9. Aucun transfert de vos Donn\u00e9es Personnelles n'aura lieu vers une organisation ou un pays sans qu'il y ait des contr\u00f4les ad\u00e9quats en place, notamment la s\u00e9curit\u00e9 de vos donn\u00e9es et d'autres informations personnelles.<\/p><h4><strong>Divulgation des Donn\u00e9es<\/strong><\/h4><p><strong>Obligations L\u00e9gales<\/strong><\/p><p>Nous pouvons divulguer vos Donn\u00e9es Personnelles si nous croyons de bonne foi que cela est n\u00e9cessaire pour :<\/p><ul><li>Se conformer \u00e0 une obligation l\u00e9gale<\/li><li>Prot\u00e9ger et d\u00e9fendre nos droits ou notre propri\u00e9t\u00e9<\/li><li>Pr\u00e9venir ou enqu\u00eater sur d'\u00e9ventuelles actions r\u00e9pr\u00e9hensibles en lien avec le Service<\/li><li>Prot\u00e9ger la s\u00e9curit\u00e9 personnelle des utilisateurs du Service ou du public<\/li><li>Se prot\u00e9ger contre toute responsabilit\u00e9 juridique<\/li><\/ul><h4><strong>S\u00e9curit\u00e9 des Donn\u00e9es<\/strong><\/h4><p>Nous utilisons des moyens commercialement acceptables pour s\u00e9curiser, transmettre, crypter et stocker les Donn\u00e9es Personnelles.<\/p><h4><strong>Fournisseurs de Service<\/strong><\/h4><p>Nous faisons appel \u00e0 des entreprises tierces ou \u00e0 des individus pour fournir le Service.<\/p><h4><strong>Confidentialit\u00e9 des Enfants<\/strong><\/h4><p>Notre Service ne s'adresse pas aux personnes \u00e2g\u00e9es de moins de 18 ans (\u00ab Enfants \u00bb).<\/p><p>Nous ne collectons pas intentionnellement d'informations personnellement identifiables aupr\u00e8s de personnes de moins de 18 ans.<\/p><h4><strong>Modifications de cette Politique de Confidentialit\u00e9<\/strong><\/h4><p>Nous pouvons mettre \u00e0 jour notre Politique de Confidentialit\u00e9 de temps \u00e0 autre. Nous vous informerons de tout changement en publiant la nouvelle Politique de Confidentialit\u00e9 sur cette page.<\/p><p>Nous vous informerons via e-mail et\/ou par un avis bien visible sur notre Service, avant que le changement ne prenne effet, et nous mettrons \u00e0 jour la \u00ab date d'entr\u00e9e en vigueur \u00bb en haut de cette Politique de Confidentialit\u00e9.<\/p><p>Vous \u00eates invit\u00e9 \u00e0 consulter cette Politique de Confidentialit\u00e9 r\u00e9guli\u00e8rement pour tout changement. Les modifications de cette Politique de Confidentialit\u00e9 prennent effet lorsqu'elles sont publi\u00e9es sur cette page.<\/p><h4><strong>Contactez-nous<\/strong><\/h4><p>Si vous avez des questions concernant cette Politique de Confidentialit\u00e9, veuillez nous contacter \u00e0 l'adresse suivante : info@ede2course.com <a href=\"mailto:info@ede2course.com\">info@ede2course.com<\/a><\/p>\t\t\t\t\t\t\t\t<\/div>\n\t\t\t\t<\/div>\n\t\t\t\t\t<\/div>\n\t\t<\/div>\n\t\t\t\t\t<\/div>\n\t\t<\/section>\n\t\t\t\t<\/div>","protected":false},"excerpt":{"rendered":"<p>Privacy\u00a0Policy\u00a0 \u00a0 Effective date: January 1, 2024 The EDE 2 Course Inc. (\u201cus\u201d, \u201cwe\u201d, or \u201cour\u201d) operates a point-of-care ultrasound (POCUS) course and online POCUS education (the \u201cService\u201d). This page informs you of our policies regarding the collection, use, and disclosure of personal data when you use our Service and the choices you have associated with that data. We use your data to provide the Service. By using the Service, you agree to the collection and use of information in accordance with this policy. Information Collection And Use We collect several different types of information to provide our Service to you. Types of Data Collected Personal Data While using our Service, we may ask you to provide us with certain personally identifiable information that can be used to contact or identify you (\u201cPersonal Data\u201d). Personally identifiable information includes: First name and last name Email address Mobile phone number Mailing address Preferred language Health institution affiliation Use of Data We use the collected data for various purposes: To provide and maintain the Service To provide education and support to EDE 2 subscribers Transfer Of Data Your information, including Personal Data, may be transferred to computers located outside of your state, province, country or other governmental jurisdiction where the data protection laws may differ than those from your jurisdiction. Your consent to this Privacy Policy followed by your submission of such information represents your agreement to that transfer. We will take all steps reasonably necessary to ensure that your data is treated securely and in accordance with this Privacy Policy and no transfer of your Personal Data will take place to an organization or a country unless there are adequate controls in place including the security of your data and other personal information. Disclosure Of Data Legal Requirements We may disclose your Personal Data in the good faith belief that such action is necessary to: To comply with a legal obligation To protect and defend the rights or property of us To prevent or investigate possible wrongdoing in connection with the Service To protect the personal safety of users of the Service or the public To protect against legal liability Security Of Data We use commercially acceptable means to secure, transmit, encrypt and store Personal Data. Service Providers We employ third party companies or individuals to provide the Service. Children\u2019s Privacy Our Service does not address anyone under the age of 18 (\u201cChildren\u201d). We do not collect personally identifiable information from anyone under the age of 18. Changes To This Privacy Policy We may update our Privacy Policy from time to time. We will notify you of any changes by posting the new Privacy Policy on this page. We will let you know via email and\/or a prominent notice on our Service, prior to the change becoming effective and update the \u201ceffective date\u201d at the top of this Privacy Policy. You are advised to review this Privacy Policy periodically for any changes. Changes to this Privacy Policy are effective when they are posted on this page. Contact Us If you have any questions about this Privacy Policy, please contact us at info@ede2course.com<\/p>","protected":false},"author":2,"featured_media":0,"parent":0,"menu_order":0,"comment_status":"closed","ping_status":"closed","template":"","meta":{"_eb_attr":"","footnotes":""},"class_list":["post-16984","page","type-page","status-publish","hentry"],"_links":{"self":[{"href":"https:\/\/ede2.pensivo.com\/fr\/wp-json\/wp\/v2\/pages\/16984","targetHints":{"allow":["GET"]}}],"collection":[{"href":"https:\/\/ede2.pensivo.com\/fr\/wp-json\/wp\/v2\/pages"}],"about":[{"href":"https:\/\/ede2.pensivo.com\/fr\/wp-json\/wp\/v2\/types\/page"}],"author":[{"embeddable":true,"href":"https:\/\/ede2.pensivo.com\/fr\/wp-json\/wp\/v2\/users\/2"}],"replies":[{"embeddable":true,"href":"https:\/\/ede2.pensivo.com\/fr\/wp-json\/wp\/v2\/comments?post=16984"}],"version-history":[{"count":37,"href":"https:\/\/ede2.pensivo.com\/fr\/wp-json\/wp\/v2\/pages\/16984\/revisions"}],"predecessor-version":[{"id":17030,"href":"https:\/\/ede2.pensivo.com\/fr\/wp-json\/wp\/v2\/pages\/16984\/revisions\/17030"}],"wp:attachment":[{"href":"https:\/\/ede2.pensivo.com\/fr\/wp-json\/wp\/v2\/media?parent=16984"}],"curies":[{"name":"wp","href":"https:\/\/api.w.org\/{rel}","templated":true}]}}